{"id":5,"date":"2015-09-04T20:56:39","date_gmt":"2015-09-04T18:56:39","guid":{"rendered":"http:\/\/cirs.pl\/n\/?page_id=5"},"modified":"2015-11-09T09:14:59","modified_gmt":"2015-11-09T08:14:59","slug":"o-fundacji","status":"publish","type":"page","link":"https:\/\/cirs.pl\/n\/pl\/o-fundacji\/","title":{"rendered":"O fundacji"},"content":{"rendered":"<p>Centrum Innowacyjnego Rozwoju Spo\u0142ecze\u0144stwa powsta\u0142o w 2003 roku. Statutowym celem dzia\u0142alno\u015bci CIRS jest wspieranie innowacyjnego rozwoju og\u00f3\u0142u spo\u0142ecze\u0144stwa. Ten cel realizujemy poprzez podejmowanie dzia\u0142a\u0144 z obszar\u00f3w: edukacji i kultury, nauki, rozwoju przedsi\u0119biorczo\u015bci oraz wspierania demokracji lokalnej. Podstaw\u0105 naszej dzia\u0142alno\u015bci jest nastawienie na wsp\u00f3\u0142prac\u0119 i rozw\u00f3j.<\/p>\n<p>Przez ponad dziesi\u0119\u0107 lat dzia\u0142alno\u015bci fundacja CIRS realizowa\u0142a projekty <a href=\"http:\/\/cirs.pl\/n\/przykladowa-strona\/wspolpraca\/\">we wsp\u00f3\u0142pracy z partnerami z prawie wszystkich kraj\u00f3w europejskich<\/a>.<br \/>\nUczestnicy naszy projekt\u00f3w:<br \/>\n\u2022 brali udzia\u0142 w specjalnie dla nich stworzonych programach szkoleniowych,<br \/>\n\u2022 odbywali kilkumiesi\u0119czne sta\u017ce zagraniczne,<br \/>\n\u2022 anga\u017cowali si\u0119 w realizacj\u0119 inicjatyw wspieraj\u0105cych rozw\u00f3j europejskiej p\u0142aszczyzny wymiany do\u015bwiadcze\u0144, wzmacnianie demokracji lokalnej oraz wolontariat.<\/p>\n<p>Fundacja CIRS otrzyma\u0142a dofinansowanie na realizowane projekty mi\u0119dzy innymi z Europejskiego Funduszu Spo\u0142ecznego, Programu Leonardo da Vinci, Programu Erasmus, Programu Erasmus+, Programu M\u0142odzie\u017c oraz Fundacji Batorego. Ponadto sponsorami dzia\u0142a\u0144 fundacji byli lokalni przedsi\u0119biorcy i osoby prywatne.<\/p>\n<p>Aktualnie skupiamy si\u0119 na dzia\u0142aniach dla student\u00f3w, kt\u00f3rym przede wszystkim proponujemy zagraniczne praktyki zawodowe w ramach programu Erasmus+.<\/p>\n<p>Zapraszamy do wsp\u00f3\u0142pracy!<br \/>\nCentrum Innowacyjnego Rozwoju Spo\u0142ecze\u0144stwa<\/p>\n","protected":false},"excerpt":{"rendered":"<p>Centrum Innowacyjnego Rozwoju Spo\u0142ecze\u0144stwa powsta\u0142o w 2003 roku. Statutowym celem dzia\u0142alno\u015bci CIRS jest wspieranie innowacyjnego rozwoju og\u00f3\u0142u spo\u0142ecze\u0144stwa. Ten cel realizujemy poprzez podejmowanie dzia\u0142a\u0144 z obszar\u00f3w: edukacji i kultury, nauki, rozwoju przedsi\u0119biorczo\u015bci oraz wspierania demokracji lokalnej. Podstaw\u0105 naszej dzia\u0142alno\u015bci jest nastawienie na wsp\u00f3\u0142prac\u0119 i rozw\u00f3j. Przez ponad dziesi\u0119\u0107 lat dzia\u0142alno\u015bci fundacja CIRS realizowa\u0142a projekty we<\/p>\n<p><a href=\"https:\/\/cirs.pl\/n\/pl\/o-fundacji\/\" class=\"more-link themebutton\">Read More<\/a><\/p>\n","protected":false},"author":5,"featured_media":0,"parent":0,"menu_order":1,"comment_status":"closed","ping_status":"closed","template":"","meta":[],"_links":{"self":[{"href":"https:\/\/cirs.pl\/n\/wp-json\/wp\/v2\/pages\/5"}],"collection":[{"href":"https:\/\/cirs.pl\/n\/wp-json\/wp\/v2\/pages"}],"about":[{"href":"https:\/\/cirs.pl\/n\/wp-json\/wp\/v2\/types\/page"}],"author":[{"embeddable":true,"href":"https:\/\/cirs.pl\/n\/wp-json\/wp\/v2\/users\/5"}],"replies":[{"embeddable":true,"href":"https:\/\/cirs.pl\/n\/wp-json\/wp\/v2\/comments?post=5"}],"version-history":[{"count":2,"href":"https:\/\/cirs.pl\/n\/wp-json\/wp\/v2\/pages\/5\/revisions"}],"predecessor-version":[{"id":54,"href":"https:\/\/cirs.pl\/n\/wp-json\/wp\/v2\/pages\/5\/revisions\/54"}],"wp:attachment":[{"href":"https:\/\/cirs.pl\/n\/wp-json\/wp\/v2\/media?parent=5"}],"curies":[{"name":"wp","href":"https:\/\/api.w.org\/{rel}","templated":true}]}}